{"id":707,"date":"2024-05-11T12:03:07","date_gmt":"2024-05-11T12:03:07","guid":{"rendered":"https:\/\/jetzinger-anika.web.kslinz.at\/jetzingera2024\/?page_id=707"},"modified":"2024-05-22T09:56:00","modified_gmt":"2024-05-22T09:56:00","slug":"datenschutz","status":"publish","type":"page","link":"https:\/\/jetzinger-anika.web.kslinz.at\/jetzingera2024\/index.php\/datenschutz\/","title":{"rendered":"Datenschutz"},"content":{"rendered":"\n<h2 class=\"wp-block-heading\">Datenschutz<\/h2>\n\n\n\n<ul class=\"wp-block-list\">\n<li>Inhalts\u00fcbersicht<\/li>\n\n\n\n<li>Verantwortlicher<\/li>\n\n\n\n<li>\u00dcbersicht der Verarbeitungen<\/li>\n\n\n\n<li>Ma\u00dfgebliche Rechtsgrundlagen<\/li>\n\n\n\n<li>Plug-ins und eingebettete Funktionen sowie Inhalte<\/li>\n\n\n\n<li><\/li>\n<\/ul>\n\n\n\n<h4 class=\"wp-block-heading\">Verantwortliche<\/h4>\n\n\n\n<p>Anika Jetzinger<\/p>\n\n\n\n<p>E-Mail-Adresse: anika.jetzi@gmail.com<\/p>\n\n\n\n<h4 class=\"wp-block-heading\">\u00dcbersicht der Verarbeitungen<\/h4>\n\n\n\n<p>Die nachfolgende \u00dcbersicht fasst die Arten der verarbeiteten Daten und die Zwecke ihrer Verarbeitung zusammen und verweist auf die betroffenen Personen.<\/p>\n\n\n\n<p>Kategorien betroffener Personen<br>Besch\u00e4ftigte.<br>Nutzer.<br>Ma\u00dfgebliche Rechtsgrundlagen<br>Ma\u00dfgebliche Rechtsgrundlagen nach der DSGVO: Im Folgenden erhalten Sie eine \u00dcbersicht der Rechtsgrundlagen der DSGVO, auf deren Basis wir personenbezogene Daten verarbeiten. Bitte nehmen Sie zur Kenntnis, dass neben den Regelungen der DSGVO nationale Datenschutzvorgaben in Ihrem bzw. unserem Wohn- oder Sitzland gelten k\u00f6nnen. Sollten ferner im Einzelfall speziellere Rechtsgrundlagen ma\u00dfgeblich sein, teilen wir Ihnen diese in der Datenschutzerkl\u00e4rung mit.<\/p>\n\n\n\n<p>Einwilligung (Art. 6 Abs. 1 S. 1 lit. a) DSGVO) \u2013 Die betroffene Person hat ihre Einwilligung in die Verarbeitung der sie betreffenden personenbezogenen Daten f\u00fcr einen spezifischen Zweck oder mehrere bestimmte Zwecke gegeben.<br>Vertragserf\u00fcllung und vorvertragliche Anfragen (Art. 6 Abs. 1 S. 1 lit. b) DSGVO) \u2013 Die Verarbeitung ist f\u00fcr die Erf\u00fcllung eines Vertrags, dessen Vertragspartei die betroffene Person ist, oder zur Durchf\u00fchrung vorvertraglicher Ma\u00dfnahmen erforderlich, die auf Anfrage der betroffenen Person erfolgen.<br>Rechtliche Verpflichtung (Art. 6 Abs. 1 S. 1 lit. c) DSGVO) \u2013 Die Verarbeitung ist zur Erf\u00fcllung einer rechtlichen Verpflichtung erforderlich, der der Verantwortliche unterliegt.<br>Berechtigte Interessen (Art. 6 Abs. 1 S. 1 lit. f) DSGVO) \u2013 die Verarbeitung ist zur Wahrung der berechtigten Interessen des Verantwortlichen oder eines Dritten notwendig, vorausgesetzt, dass die Interessen, Grundrechte und Grundfreiheiten der betroffenen Person, die den Schutz personenbezogener Daten verlangen, nicht \u00fcberwiegen.<br>Verarbeitung besonderer Kategorien personenbezogener Daten in Bezug auf Gesundheitswesen, Beruf und soziale Sicherheit (Art. 9 Abs. 2 lit. h) DSGVO) \u2013 Die Verarbeitung ist f\u00fcr Zwecke der Gesundheitsvorsorge oder der Arbeitsmedizin, f\u00fcr die Beurteilung der Arbeitsf\u00e4higkeit des Besch\u00e4ftigten, f\u00fcr die medizinische Diagnostik, die Versorgung oder Behandlung im Gesundheits- oder Sozialbereich oder f\u00fcr die Verwaltung von Systemen und Diensten im Gesundheits- oder Sozialbereich auf der Grundlage des Unionsrechts oder des Rechts eines Mitgliedstaats oder aufgrund eines Vertrags mit einem Angeh\u00f6rigen eines Gesundheitsberufs erforderlich.<br>Nationale Datenschutzregelungen in \u00d6sterreich: Zus\u00e4tzlich zu den Datenschutzregelungen der DSGVO gelten nationale Regelungen zum Datenschutz in \u00d6sterreich. Hierzu geh\u00f6rt insbesondere das Bundesgesetz zum Schutz nat\u00fcrlicher Personen bei der Verarbeitung personenbezogener Daten (Datenschutzgesetz \u2013 DSG). Das Datenschutzgesetz enth\u00e4lt insbesondere Spezialregelungen zum Recht auf Auskunft, zum Recht auf Richtigstellung oder L\u00f6schung, zur Verarbeitung besonderer Kategorien personenbezogener Daten, zur Verarbeitung f\u00fcr andere Zwecke und zur \u00dcbermittlung sowie zur automatisierten Entscheidungsfindung im Einzelfall.<\/p>\n\n\n\n<p>Plug-ins und eingebettete Funktionen sowie Inhalte<br>Wir binden Funktions- und Inhaltselemente in unser Onlineangebot ein, die von den Servern ihrer jeweiligen Anbieter (nachfolgend als \u201eDrittanbieter\u201c bezeichnet) bezogen werden. Dabei kann es sich zum Beispiel um Grafiken, Videos oder Stadtpl\u00e4ne handeln (nachfolgend einheitlich als \u201eInhalte\u201c bezeichnet).<\/p>\n\n\n\n<p>Die Einbindung setzt immer voraus, dass die Drittanbieter dieser Inhalte die IP-Adresse der Nutzer verarbeiten, da sie ohne IP-Adresse die Inhalte nicht an deren Browser senden k\u00f6nnten. Die IP-Adresse ist damit f\u00fcr die Darstellung dieser Inhalte oder Funktionen erforderlich. Wir bem\u00fchen uns, nur solche Inhalte zu verwenden, deren jeweilige Anbieter die IP-Adresse lediglich zur Auslieferung der Inhalte anzuwenden. Drittanbieter k\u00f6nnen ferner sogenannte Pixel-Tags (unsichtbare Grafiken, auch als \u201eWeb Beacons\u201c bezeichnet) f\u00fcr statistische oder Marketingzwecke einsetzen. Durch die \u201ePixel-Tags\u201c k\u00f6nnen Informationen, wie etwa der Besucherverkehr auf den Seiten dieser Website, ausgewertet werden. Die pseudonymen Informationen k\u00f6nnen dar\u00fcber hinaus in Cookies auf dem Ger\u00e4t der Nutzer gespeichert werden und unter anderem technische Ausk\u00fcnfte zum Browser und zum Betriebssystem, zu verweisenden Websites, zur Besuchszeit sowie weitere Angaben zur Nutzung unseres Onlineangebots enthalten, aber auch mit solchen Informationen aus anderen Quellen verbunden werden.<\/p>\n\n\n\n<p>Hinweise zu Rechtsgrundlagen: Sofern wir die Nutzer um ihre Einwilligung in den Einsatz der Drittanbieter bitten, stellt die Rechtsgrundlage der Datenverarbeitung die Erlaubnis dar. Ansonsten werden die Nutzerdaten auf Grundlage unserer berechtigten Interessen (d. h. Interesse an effizienten, wirtschaftlichen und empf\u00e4ngerfreundlichen Leistungen) verarbeitet. In diesem Zusammenhang m\u00f6chten wir Sie auch auf die Informationen zur Verwendung von Cookies in dieser Datenschutzerkl\u00e4rung hinweisen.<\/p>\n\n\n\n<p>Verarbeitete Datenarten: Nutzungsdaten (z. B. Seitenaufrufe und Verweildauer, Klickpfade, Nutzungsintensit\u00e4t und -frequenz, verwendete Ger\u00e4tetypen und Betriebssysteme, Interaktionen mit Inhalten und Funktionen). Meta-, Kommunikations- und Verfahrensdaten (z. B. IP-Adressen, Zeitangaben, Identifikationsnummern, beteiligte Personen).<br>Betroffene Personen: Nutzer (z. B. Webseitenbesucher, Nutzer von Onlinediensten).<br>Zwecke der Verarbeitung: Bereitstellung unseres Onlineangebotes und Nutzerfreundlichkeit.<br>Aufbewahrung und L\u00f6schung: L\u00f6schung entsprechend Angaben im Abschnitt \u201eAllgemeine Informationen zur Datenspeicherung und L\u00f6schung\u201c. Speicherung von Cookies von bis zu 2 Jahren (Sofern nicht anders angegeben, k\u00f6nnen Cookies und \u00e4hnliche Speichermethoden f\u00fcr einen Zeitraum von zwei Jahren auf den Ger\u00e4ten der Nutzer gespeichert werden.).<br>Rechtsgrundlagen: Einwilligung (Art. 6 Abs. 1 S. 1 lit. a) DSGVO). Berechtigte Interessen (Art. 6 Abs. 1 S. 1 lit. f) DSGVO).<br><\/p>\n\n\n\n<h4 class=\"wp-block-heading\">Weitere Hinweise zu Verarbeitungsprozessen, Verfahren und Diensten:<\/h4>\n\n\n\n<p>Google Fonts (Bereitstellung auf eigenem Server): Bereitstellung von Schriftarten-Dateien zwecks einer nutzerfreundlichen Darstellung unseres Onlineangebotes; Dienstanbieter: Die Google Fonts werden auf unserem Server gehostet, es werden keine Daten an Google \u00fcbermittelt; Rechtsgrundlagen: Berechtigte Interessen (Art. 6 Abs. 1 S. 1 lit. f) DSGVO).<br>Pixabay, Freepik, Pexels f\u00fcr Photoshop Arbeiten<\/p>\n","protected":false},"excerpt":{"rendered":"<p>Datenschutz Verantwortliche Anika Jetzinger E-Mail-Adresse: anika.jetzi@gmail.com \u00dcbersicht der Verarbeitungen Die nachfolgende \u00dcbersicht fasst die Arten der verarbeiteten Daten und die Zwecke ihrer Verarbeitung zusammen und verweist auf die betroffenen Personen. Kategorien betroffener PersonenBesch\u00e4ftigte.Nutzer.Ma\u00dfgebliche RechtsgrundlagenMa\u00dfgebliche Rechtsgrundlagen nach der DSGVO: Im Folgenden erhalten Sie eine \u00dcbersicht der Rechtsgrundlagen der DSGVO, auf deren Basis wir personenbezogene Daten verarbeiten. [&hellip;]<\/p>\n","protected":false},"author":1,"featured_media":0,"parent":0,"menu_order":0,"comment_status":"closed","ping_status":"closed","template":"","meta":{"footnotes":""},"class_list":["post-707","page","type-page","status-publish","hentry"],"_links":{"self":[{"href":"https:\/\/jetzinger-anika.web.kslinz.at\/jetzingera2024\/index.php\/wp-json\/wp\/v2\/pages\/707","targetHints":{"allow":["GET"]}}],"collection":[{"href":"https:\/\/jetzinger-anika.web.kslinz.at\/jetzingera2024\/index.php\/wp-json\/wp\/v2\/pages"}],"about":[{"href":"https:\/\/jetzinger-anika.web.kslinz.at\/jetzingera2024\/index.php\/wp-json\/wp\/v2\/types\/page"}],"author":[{"embeddable":true,"href":"https:\/\/jetzinger-anika.web.kslinz.at\/jetzingera2024\/index.php\/wp-json\/wp\/v2\/users\/1"}],"replies":[{"embeddable":true,"href":"https:\/\/jetzinger-anika.web.kslinz.at\/jetzingera2024\/index.php\/wp-json\/wp\/v2\/comments?post=707"}],"version-history":[{"count":8,"href":"https:\/\/jetzinger-anika.web.kslinz.at\/jetzingera2024\/index.php\/wp-json\/wp\/v2\/pages\/707\/revisions"}],"predecessor-version":[{"id":741,"href":"https:\/\/jetzinger-anika.web.kslinz.at\/jetzingera2024\/index.php\/wp-json\/wp\/v2\/pages\/707\/revisions\/741"}],"wp:attachment":[{"href":"https:\/\/jetzinger-anika.web.kslinz.at\/jetzingera2024\/index.php\/wp-json\/wp\/v2\/media?parent=707"}],"curies":[{"name":"wp","href":"https:\/\/api.w.org\/{rel}","templated":true}]}}