{"id":62,"date":"2024-02-25T16:34:11","date_gmt":"2024-02-25T16:34:11","guid":{"rendered":"https:\/\/jetzinger-anika.web.kslinz.at\/jetzingera2024\/?page_id=62"},"modified":"2024-06-05T20:07:39","modified_gmt":"2024-06-05T20:07:39","slug":"ueber-mich","status":"publish","type":"page","link":"https:\/\/jetzinger-anika.web.kslinz.at\/jetzingera2024\/index.php\/ueber-mich\/","title":{"rendered":"\u00dcber mich"},"content":{"rendered":"\n<div class=\"wp-block-cover alignfull is-light\" style=\"min-height:744px;aspect-ratio:unset;\"><span aria-hidden=\"true\" class=\"wp-block-cover__background has-black-background-color has-background-dim\"><\/span><video class=\"wp-block-cover__video-background intrinsic-ignore\" autoplay muted loop playsinline src=\"https:\/\/jetzinger-anika.web.kslinz.at\/jetzingera2024\/wp-content\/uploads\/2024\/05\/05101.mp4\" data-object-fit=\"cover\"><\/video><div class=\"wp-block-cover__inner-container is-layout-constrained wp-block-cover-is-layout-constrained\"><h1 class=\"has-text-align-center has-link-color wp-elements-ec1cf2800ea889849c44ef8893abef9b wp-block-post-title has-text-color has-ti-fg-color\">\u00dcber mich<\/h1><\/div><\/div>\n\n\n\n<div class=\"wp-block-columns alignfull has-ti-bg-color has-ti-fg-background-color has-text-color has-background has-link-color wp-elements-83de9cf9ed80ab79efea3fd0766e4575 is-layout-flex wp-container-core-columns-is-layout-41672da0 wp-block-columns-is-layout-flex\" style=\"margin-top:0;margin-bottom:0;padding-top:var(--wp--preset--spacing--40);padding-right:var(--wp--preset--spacing--50);padding-bottom:var(--wp--preset--spacing--40);padding-left:var(--wp--preset--spacing--50)\">\n<div class=\"wp-block-column is-vertically-aligned-center is-layout-flow wp-block-column-is-layout-flow\" style=\"flex-basis:70%\">\n<p class=\"has-black-color has-text-color has-link-color wp-elements-944d711a819b30ee34cb655e7205dd79\">Hallo ich bin Anika und bin 17 Jahre alt. Ich besuche die zweite Klasse der HLW f\u00fcr Kommunikations- und Mediendesign der KS in Linz. Diese Website wurde im Zuge des Informatikunterrichts erstellt.<\/p>\n<\/div>\n\n\n\n<div class=\"wp-block-column is-vertically-aligned-center is-layout-flow wp-block-column-is-layout-flow\" style=\"flex-basis:30%\">\n<figure class=\"wp-block-image size-large is-resized\"><img decoding=\"async\" width=\"463\" height=\"618\" src=\"https:\/\/jetzinger-anika.web.kslinz.at\/jetzingera2024\/wp-content\/uploads\/2024\/05\/WhatsApp-Image-2024-05-06-at-17.40.50-edited-1.jpeg\" alt=\"\" class=\"wp-image-432\" style=\"width:219px;height:auto\" srcset=\"https:\/\/jetzinger-anika.web.kslinz.at\/jetzingera2024\/wp-content\/uploads\/2024\/05\/WhatsApp-Image-2024-05-06-at-17.40.50-edited-1.jpeg 463w, https:\/\/jetzinger-anika.web.kslinz.at\/jetzingera2024\/wp-content\/uploads\/2024\/05\/WhatsApp-Image-2024-05-06-at-17.40.50-edited-1-225x300.jpeg 225w\" sizes=\"(max-width: 463px) 100vw, 463px\" \/><\/figure>\n<\/div>\n<\/div>\n\n\n\n<div class=\"wp-block-group alignfull is-nowrap is-layout-flex wp-container-core-group-is-layout-6c531013 wp-block-group-is-layout-flex\">\n<figure class=\"wp-block-image size-large is-resized\"><img decoding=\"async\" width=\"1200\" height=\"900\" src=\"https:\/\/jetzinger-anika.web.kslinz.at\/jetzingera2024\/wp-content\/uploads\/2024\/05\/WhatsApp-Image-2024-05-06-at-17.41.05-1-edited.jpeg\" alt=\"\" class=\"wp-image-412\" style=\"width:231px;height:auto\" srcset=\"https:\/\/jetzinger-anika.web.kslinz.at\/jetzingera2024\/wp-content\/uploads\/2024\/05\/WhatsApp-Image-2024-05-06-at-17.41.05-1-edited.jpeg 1200w, https:\/\/jetzinger-anika.web.kslinz.at\/jetzingera2024\/wp-content\/uploads\/2024\/05\/WhatsApp-Image-2024-05-06-at-17.41.05-1-edited-300x225.jpeg 300w, https:\/\/jetzinger-anika.web.kslinz.at\/jetzingera2024\/wp-content\/uploads\/2024\/05\/WhatsApp-Image-2024-05-06-at-17.41.05-1-edited-1024x768.jpeg 1024w, https:\/\/jetzinger-anika.web.kslinz.at\/jetzingera2024\/wp-content\/uploads\/2024\/05\/WhatsApp-Image-2024-05-06-at-17.41.05-1-edited-768x576.jpeg 768w\" sizes=\"(max-width: 1200px) 100vw, 1200px\" \/><\/figure>\n\n\n\n<p>Ich wohne im Bezirk V\u00f6cklabruck mit meinen Eltern, meinen \u00e4lteren Bruder und meinem Hund Biene.<br>Ich w\u00fcrde sagen ich bin ein sehr vielseitiger Mensch und habe auch sehr viele Hobbys die mir viel Spa\u00df machen \ud83d\ude42<\/p>\n<\/div>\n\n\n\n<h2 class=\"wp-block-heading alignfull has-text-align-center has-ti-fg-alt-color has-ti-bg-alt-background-color has-text-color has-background has-link-color wp-elements-2a7dc82967a287dd4a818131e389f8a4\" style=\"margin-top:var(--wp--preset--spacing--60);margin-bottom:var(--wp--preset--spacing--40);padding-top:var(--wp--preset--spacing--20);padding-bottom:var(--wp--preset--spacing--20)\">Zu meinen Hobbys z\u00e4hlen:<\/h2>\n\n\n\n<div class=\"wp-block-group alignfull is-layout-constrained wp-block-group-is-layout-constrained\" style=\"margin-top:0;margin-bottom:0;padding-top:var(--wp--preset--spacing--30);padding-bottom:var(--wp--preset--spacing--30)\">\n<div class=\"wp-block-columns alignwide is-layout-flex wp-container-core-columns-is-layout-28f84493 wp-block-columns-is-layout-flex\">\n<div class=\"wp-block-column is-layout-flow wp-block-column-is-layout-flow\">\n<figure class=\"wp-block-image size-full zoomIn ticss-4ec9c97d\"><img decoding=\"async\" width=\"1200\" height=\"1600\" src=\"https:\/\/jetzinger-anika.web.kslinz.at\/jetzingera2024\/wp-content\/uploads\/2024\/05\/WhatsApp-Image-2024-05-06-at-17.41.12-1.jpeg\" alt=\"\" class=\"wp-image-350\" srcset=\"https:\/\/jetzinger-anika.web.kslinz.at\/jetzingera2024\/wp-content\/uploads\/2024\/05\/WhatsApp-Image-2024-05-06-at-17.41.12-1.jpeg 1200w, https:\/\/jetzinger-anika.web.kslinz.at\/jetzingera2024\/wp-content\/uploads\/2024\/05\/WhatsApp-Image-2024-05-06-at-17.41.12-1-225x300.jpeg 225w, https:\/\/jetzinger-anika.web.kslinz.at\/jetzingera2024\/wp-content\/uploads\/2024\/05\/WhatsApp-Image-2024-05-06-at-17.41.12-1-768x1024.jpeg 768w, https:\/\/jetzinger-anika.web.kslinz.at\/jetzingera2024\/wp-content\/uploads\/2024\/05\/WhatsApp-Image-2024-05-06-at-17.41.12-1-1152x1536.jpeg 1152w\" sizes=\"(max-width: 1200px) 100vw, 1200px\" \/><\/figure>\n\n\n\n<h3 class=\"wp-block-heading\">Klavier<\/h3>\n\n\n\n<p>Ich spiele nun schon seit ca. 10 Jahren Klavier und mache momentan das silberne Abzeichen.<\/p>\n<\/div>\n\n\n\n<div class=\"wp-block-column is-layout-flow wp-block-column-is-layout-flow\">\n<figure class=\"wp-block-image size-full ticss-9b86c64c\"><img decoding=\"async\" width=\"1282\" height=\"1709\" src=\"https:\/\/jetzinger-anika.web.kslinz.at\/jetzingera2024\/wp-content\/uploads\/2024\/05\/DSC_0292-edited.jpg\" alt=\"\" class=\"wp-image-727\" srcset=\"https:\/\/jetzinger-anika.web.kslinz.at\/jetzingera2024\/wp-content\/uploads\/2024\/05\/DSC_0292-edited.jpg 1282w, https:\/\/jetzinger-anika.web.kslinz.at\/jetzingera2024\/wp-content\/uploads\/2024\/05\/DSC_0292-edited-225x300.jpg 225w, https:\/\/jetzinger-anika.web.kslinz.at\/jetzingera2024\/wp-content\/uploads\/2024\/05\/DSC_0292-edited-768x1024.jpg 768w, https:\/\/jetzinger-anika.web.kslinz.at\/jetzingera2024\/wp-content\/uploads\/2024\/05\/DSC_0292-edited-1152x1536.jpg 1152w\" sizes=\"(max-width: 1282px) 100vw, 1282px\" \/><\/figure>\n\n\n\n<h3 class=\"wp-block-heading\">Bogenschie\u00dfen<\/h3>\n\n\n\n<p>Vor kurzem entdeckte ich auch das Bogenschie\u00dfen f\u00fcr mich welches mir sehr gef\u00e4llt.<\/p>\n<\/div>\n\n\n\n<div class=\"wp-block-column is-layout-flow wp-block-column-is-layout-flow\">\n<figure class=\"wp-block-image size-full ticss-a5e7ce17\"><img decoding=\"async\" width=\"912\" height=\"1216\" src=\"https:\/\/jetzinger-anika.web.kslinz.at\/jetzingera2024\/wp-content\/uploads\/2024\/05\/Wanderreiten-edited.jpeg\" alt=\"\" class=\"wp-image-418\" srcset=\"https:\/\/jetzinger-anika.web.kslinz.at\/jetzingera2024\/wp-content\/uploads\/2024\/05\/Wanderreiten-edited.jpeg 912w, https:\/\/jetzinger-anika.web.kslinz.at\/jetzingera2024\/wp-content\/uploads\/2024\/05\/Wanderreiten-edited-225x300.jpeg 225w, https:\/\/jetzinger-anika.web.kslinz.at\/jetzingera2024\/wp-content\/uploads\/2024\/05\/Wanderreiten-edited-768x1024.jpeg 768w\" sizes=\"(max-width: 912px) 100vw, 912px\" \/><\/figure>\n\n\n\n<h3 class=\"wp-block-heading\">Reiten<\/h3>\n\n\n\n<p>Auch das reiten z\u00e4hlt zu meinen Hobbys wobei ich zurzeit nicht regelm\u00e4\u00dfig reite<\/p>\n<\/div>\n<\/div>\n\n\n\n<div class=\"wp-block-group alignfull is-layout-constrained wp-block-group-is-layout-constrained\" style=\"margin-top:0px;margin-bottom:0px;padding-top:64px;padding-bottom:64px\">\n<div class=\"wp-block-columns alignwide is-layout-flex wp-container-core-columns-is-layout-28f84493 wp-block-columns-is-layout-flex\">\n<div class=\"wp-block-column is-layout-flow wp-block-column-is-layout-flow\">\n<figure class=\"wp-block-image size-full ticss-53a4f952\"><img decoding=\"async\" width=\"576\" height=\"768\" src=\"https:\/\/jetzinger-anika.web.kslinz.at\/jetzingera2024\/wp-content\/uploads\/2024\/05\/WhatsApp-Image-2024-04-11-at-21.04.07-3-edited.jpeg\" alt=\"\" class=\"wp-image-420\" srcset=\"https:\/\/jetzinger-anika.web.kslinz.at\/jetzingera2024\/wp-content\/uploads\/2024\/05\/WhatsApp-Image-2024-04-11-at-21.04.07-3-edited.jpeg 576w, https:\/\/jetzinger-anika.web.kslinz.at\/jetzingera2024\/wp-content\/uploads\/2024\/05\/WhatsApp-Image-2024-04-11-at-21.04.07-3-edited-225x300.jpeg 225w\" sizes=\"(max-width: 576px) 100vw, 576px\" \/><\/figure>\n\n\n\n<h3 class=\"wp-block-heading\">Pfadfinder<\/h3>\n\n\n\n<p>Ich gehe auch zu den Pfadfindern. Das internationale Lager Together hat mir sehr viel Spa\u00df gemacht<\/p>\n<\/div>\n\n\n\n<div class=\"wp-block-column is-layout-flow wp-block-column-is-layout-flow\">\n<figure class=\"wp-block-image size-full ticss-6e4cb809\"><img decoding=\"async\" width=\"768\" height=\"1024\" src=\"https:\/\/jetzinger-anika.web.kslinz.at\/jetzingera2024\/wp-content\/uploads\/2024\/05\/WhatsApp-Image-2024-05-10-at-18.37.37.jpeg\" alt=\"\" class=\"wp-image-553\" srcset=\"https:\/\/jetzinger-anika.web.kslinz.at\/jetzingera2024\/wp-content\/uploads\/2024\/05\/WhatsApp-Image-2024-05-10-at-18.37.37.jpeg 768w, https:\/\/jetzinger-anika.web.kslinz.at\/jetzingera2024\/wp-content\/uploads\/2024\/05\/WhatsApp-Image-2024-05-10-at-18.37.37-225x300.jpeg 225w\" sizes=\"(max-width: 768px) 100vw, 768px\" \/><\/figure>\n\n\n\n<h3 class=\"wp-block-heading\">B\u00fccher und Filme<\/h3>\n\n\n\n<p> Zu meinen pers\u00f6nlichen Lieblingsfilmen z\u00e4hlen die Marvel Filme, vor allem Black Widow, und Harry Potter. Meine Lieblingsb\u00fccher sind die Harry Potter und A good Girl\u00b4s guide to murder Reihe.<\/p>\n<\/div>\n\n\n\n<div class=\"wp-block-column is-layout-flow wp-block-column-is-layout-flow\">\n<figure class=\"wp-block-image size-full ticss-e140249f\"><img decoding=\"async\" width=\"675\" height=\"900\" src=\"https:\/\/jetzinger-anika.web.kslinz.at\/jetzingera2024\/wp-content\/uploads\/2024\/05\/WhatsApp-Image-2024-05-10-at-19.24.54-edited.jpeg\" alt=\"\" class=\"wp-image-556\" srcset=\"https:\/\/jetzinger-anika.web.kslinz.at\/jetzingera2024\/wp-content\/uploads\/2024\/05\/WhatsApp-Image-2024-05-10-at-19.24.54-edited.jpeg 675w, https:\/\/jetzinger-anika.web.kslinz.at\/jetzingera2024\/wp-content\/uploads\/2024\/05\/WhatsApp-Image-2024-05-10-at-19.24.54-edited-225x300.jpeg 225w\" sizes=\"(max-width: 675px) 100vw, 675px\" \/><\/figure>\n\n\n\n<h3 class=\"wp-block-heading\">Fotografieren <\/h3>\n\n\n\n<p>Fotografieren ist zum einen ein Unterrichtsfach in meiner Schule, macht mir aber auch in der Freizeit sehr viel Spa\u00df<\/p>\n<\/div>\n<\/div>\n\n\n\n<p><br><\/p>\n<\/div>\n\n\n\n<p><br><br><\/p>\n<\/div>\n","protected":false},"excerpt":{"rendered":"<p>Hallo ich bin Anika und bin 17 Jahre alt. Ich besuche die zweite Klasse der HLW f\u00fcr Kommunikations- und Mediendesign der KS in Linz. Diese Website wurde im Zuge des Informatikunterrichts erstellt. Ich wohne im Bezirk V\u00f6cklabruck mit meinen Eltern, meinen \u00e4lteren Bruder und meinem Hund Biene.Ich w\u00fcrde sagen ich bin ein sehr vielseitiger Mensch [&hellip;]<\/p>\n","protected":false},"author":1,"featured_media":0,"parent":0,"menu_order":0,"comment_status":"closed","ping_status":"closed","template":"page-templates\/homepage-no-hero.php","meta":{"footnotes":""},"class_list":["post-62","page","type-page","status-publish","hentry"],"_links":{"self":[{"href":"https:\/\/jetzinger-anika.web.kslinz.at\/jetzingera2024\/index.php\/wp-json\/wp\/v2\/pages\/62","targetHints":{"allow":["GET"]}}],"collection":[{"href":"https:\/\/jetzinger-anika.web.kslinz.at\/jetzingera2024\/index.php\/wp-json\/wp\/v2\/pages"}],"about":[{"href":"https:\/\/jetzinger-anika.web.kslinz.at\/jetzingera2024\/index.php\/wp-json\/wp\/v2\/types\/page"}],"author":[{"embeddable":true,"href":"https:\/\/jetzinger-anika.web.kslinz.at\/jetzingera2024\/index.php\/wp-json\/wp\/v2\/users\/1"}],"replies":[{"embeddable":true,"href":"https:\/\/jetzinger-anika.web.kslinz.at\/jetzingera2024\/index.php\/wp-json\/wp\/v2\/comments?post=62"}],"version-history":[{"count":142,"href":"https:\/\/jetzinger-anika.web.kslinz.at\/jetzingera2024\/index.php\/wp-json\/wp\/v2\/pages\/62\/revisions"}],"predecessor-version":[{"id":768,"href":"https:\/\/jetzinger-anika.web.kslinz.at\/jetzingera2024\/index.php\/wp-json\/wp\/v2\/pages\/62\/revisions\/768"}],"wp:attachment":[{"href":"https:\/\/jetzinger-anika.web.kslinz.at\/jetzingera2024\/index.php\/wp-json\/wp\/v2\/media?parent=62"}],"curies":[{"name":"wp","href":"https:\/\/api.w.org\/{rel}","templated":true}]}}